{"id":184,"date":"2025-08-07T13:00:00","date_gmt":"2025-08-07T13:00:00","guid":{"rendered":"https:\/\/cavemangrill.com\/shop\/?post_type=product&#038;p=184"},"modified":"2026-04-15T12:47:15","modified_gmt":"2026-04-15T12:47:15","slug":"classic-inox","status":"publish","type":"product","link":"https:\/\/cavemangrill.com\/shop\/fr\/produit\/classic-inox\/","title":{"rendered":"The Caveman Grill Classic | Inox"},"content":{"rendered":"","protected":false},"excerpt":{"rendered":"<p>Con\u00e7u pour des r\u00e9unions de 2 \u00e0 30 personnes, le Caveman Grill \u00ab Classic \u00bb Inox offre toute l'exp\u00e9rience de la cuisson au feu de bois dans un design \u00e9l\u00e9gant et robuste.<br \/>\n<a class=\"icon-link-prod-info\" href=\"https:\/\/www.cavemangrill.com\/fr\/classic-barbecue-argentin-exterieur\/\">Informations sur le produit<\/a><br \/>\n<a class=\"icon-link-order-info\" href=\"https:\/\/www.cavemangrill.com\/fr\/informations-sur-les-commandes\/\">Informations sur la commande<\/a><\/p>","protected":false},"featured_media":490,"template":"","meta":{"_uag_custom_page_level_css":"","site-sidebar-layout":"default","site-content-layout":"","ast-site-content-layout":"default","site-content-style":"default","site-sidebar-style":"default","ast-global-header-display":"","ast-banner-title-visibility":"","ast-main-header-display":"","ast-hfb-above-header-display":"","ast-hfb-below-header-display":"","ast-hfb-mobile-header-display":"","site-post-title":"","ast-breadcrumbs-content":"","ast-featured-img":"","footer-sml-layout":"","ast-disable-related-posts":"","theme-transparent-header-meta":"default","adv-header-id-meta":"","stick-header-meta":"default","header-above-stick-meta":"","header-main-stick-meta":"","header-below-stick-meta":"","astra-migrate-meta-layouts":"set","ast-page-background-enabled":"default","ast-page-background-meta":{"desktop":{"background-color":"var(--ast-global-color-5)","background-image":"","background-repeat":"repeat","background-position":"center center","background-size":"auto","background-attachment":"scroll","background-type":"","background-media":"","overlay-type":"","overlay-color":"","overlay-opacity":"","overlay-gradient":""},"tablet":{"background-color":"","background-image":"","background-repeat":"repeat","background-position":"center center","background-size":"auto","background-attachment":"scroll","background-type":"","background-media":"","overlay-type":"","overlay-color":"","overlay-opacity":"","overlay-gradient":""},"mobile":{"background-color":"","background-image":"","background-repeat":"repeat","background-position":"center center","background-size":"auto","background-attachment":"scroll","background-type":"","background-media":"","overlay-type":"","overlay-color":"","overlay-opacity":"","overlay-gradient":""}},"ast-content-background-meta":{"desktop":{"background-color":"var(--ast-global-color-4)","background-image":"","background-repeat":"repeat","background-position":"center center","background-size":"auto","background-attachment":"scroll","background-type":"","background-media":"","overlay-type":"","overlay-color":"","overlay-opacity":"","overlay-gradient":""},"tablet":{"background-color":"var(--ast-global-color-4)","background-image":"","background-repeat":"repeat","background-position":"center center","background-size":"auto","background-attachment":"scroll","background-type":"","background-media":"","overlay-type":"","overlay-color":"","overlay-opacity":"","overlay-gradient":""},"mobile":{"background-color":"var(--ast-global-color-4)","background-image":"","background-repeat":"repeat","background-position":"center center","background-size":"auto","background-attachment":"scroll","background-type":"","background-media":"","overlay-type":"","overlay-color":"","overlay-opacity":"","overlay-gradient":""}}},"product_brand":[],"product_cat":[31],"product_tag":[],"class_list":{"0":"post-184","1":"product","2":"type-product","3":"status-publish","4":"has-post-thumbnail","6":"product_cat-grills","7":"product_shipping_class-shipping-cost-per-grill","8":"desktop-align-left","9":"tablet-align-left","10":"mobile-align-left","12":"first","13":"instock","14":"taxable","15":"shipping-taxable","16":"purchasable","17":"product-type-simple"},"uagb_featured_image_src":{"full":["https:\/\/cavemangrill.com\/shop\/wp-content\/uploads\/2025\/08\/caveman-grill-classic-inox.jpg",1000,1000,false],"thumbnail":["https:\/\/cavemangrill.com\/shop\/wp-content\/uploads\/2025\/08\/caveman-grill-classic-inox-150x150.jpg",150,150,true],"medium":["https:\/\/cavemangrill.com\/shop\/wp-content\/uploads\/2025\/08\/caveman-grill-classic-inox-300x300.jpg",300,300,true],"medium_large":["https:\/\/cavemangrill.com\/shop\/wp-content\/uploads\/2025\/08\/caveman-grill-classic-inox-768x768.jpg",768,768,true],"large":["https:\/\/cavemangrill.com\/shop\/wp-content\/uploads\/2025\/08\/caveman-grill-classic-inox.jpg",1000,1000,false],"1536x1536":["https:\/\/cavemangrill.com\/shop\/wp-content\/uploads\/2025\/08\/caveman-grill-classic-inox.jpg",1000,1000,false],"2048x2048":["https:\/\/cavemangrill.com\/shop\/wp-content\/uploads\/2025\/08\/caveman-grill-classic-inox.jpg",1000,1000,false],"trp-custom-language-flag":["https:\/\/cavemangrill.com\/shop\/wp-content\/uploads\/2025\/08\/caveman-grill-classic-inox.jpg",12,12,false],"woocommerce_thumbnail":["https:\/\/cavemangrill.com\/shop\/wp-content\/uploads\/2025\/08\/caveman-grill-classic-inox-400x400.jpg",400,400,true],"woocommerce_single":["https:\/\/cavemangrill.com\/shop\/wp-content\/uploads\/2025\/08\/caveman-grill-classic-inox-400x400.jpg",400,400,true],"woocommerce_gallery_thumbnail":["https:\/\/cavemangrill.com\/shop\/wp-content\/uploads\/2025\/08\/caveman-grill-classic-inox-100x100.jpg",100,100,true]},"uagb_author_info":{"display_name":"admin","author_link":"https:\/\/cavemangrill.com\/shop\/fr\/author\/"},"uagb_comment_info":0,"uagb_excerpt":"Built for gatherings of 2 up to 30 people, the Caveman Grill \u2018Classic\u2019 Inox offers the full experience of open-fire cooking in a stylish, heavy-duty design. Product information Ordering information","_links":{"self":[{"href":"https:\/\/cavemangrill.com\/shop\/fr\/wp-json\/wp\/v2\/product\/184","targetHints":{"allow":["GET"]}}],"collection":[{"href":"https:\/\/cavemangrill.com\/shop\/fr\/wp-json\/wp\/v2\/product"}],"about":[{"href":"https:\/\/cavemangrill.com\/shop\/fr\/wp-json\/wp\/v2\/types\/product"}],"wp:featuredmedia":[{"embeddable":true,"href":"https:\/\/cavemangrill.com\/shop\/fr\/wp-json\/wp\/v2\/media\/490"}],"wp:attachment":[{"href":"https:\/\/cavemangrill.com\/shop\/fr\/wp-json\/wp\/v2\/media?parent=184"}],"wp:term":[{"taxonomy":"product_brand","embeddable":true,"href":"https:\/\/cavemangrill.com\/shop\/fr\/wp-json\/wp\/v2\/product_brand?post=184"},{"taxonomy":"product_cat","embeddable":true,"href":"https:\/\/cavemangrill.com\/shop\/fr\/wp-json\/wp\/v2\/product_cat?post=184"},{"taxonomy":"product_tag","embeddable":true,"href":"https:\/\/cavemangrill.com\/shop\/fr\/wp-json\/wp\/v2\/product_tag?post=184"}],"curies":[{"name":"wp","href":"https:\/\/api.w.org\/{rel}","templated":true}]}}